{"id":30576,"date":"2024-01-04T13:43:39","date_gmt":"2024-01-04T12:43:39","guid":{"rendered":"https:\/\/www.greensign.de\/ambassador\/"},"modified":"2025-04-02T09:18:57","modified_gmt":"2025-04-02T07:18:57","slug":"ambassador","status":"publish","type":"page","link":"https:\/\/www.greensign.de\/en\/ambassador\/","title":{"rendered":"Ambassador"},"content":{"rendered":"<h1>GreenSign Ambassador<\/h1>\n<h2>Nachhaltigkeit im Fokus.<\/h2>\n<hr>\n<div>\n<p>Unsere GreenSign Botschafter sind individuelle Pers\u00f6nlichkeiten, die zwar nicht fest in unserem Team angestellt sind, aber dennoch mit uns verbunden sind. Diese Menschen setzen ihre F\u00e4higkeiten und ihre Zeit ein, um nebenberuflich als Botschafter f\u00fcr GreenSign aktiv zu sein. Ihre individuellen Wege und inspirierenden Geschichten sind ein wesentlicher Bestandteil unserer fortlaufenden Reise f\u00fcr eine umweltbewusste Zukunft.<\/p><\/div>\n<div>\n<p>        <img decoding=\"async\" src=\"\/wp-content\/uploads\/Darlene-Schwabroch-2-1.png\" alt=\"Darlene Schwabroch Portrait\"><\/p>\n<h3>Darlene Schwabroch<\/h3>\n<p>darlene@greensign.de<\/p>\n<\/div>\n<div>\n<h3>\u00dcber Darlene<\/h3>\n<div>\n<p>Nach mehreren l\u00e4ngeren Lebensabschnitten in Nordamerika, S\u00fcdafrika und den Niederlanden, hat Darlenes Weg zum GreenSign Institut in Berlin gef\u00fchrt, an dessen Wachstum und Entwicklung sie vier Jahre lang ma\u00dfgeblich beteiligt sein durfte.<\/p>\n<p>Von Projektleitung und Produktentwicklung \u00fcber Eventkoordination und Partnerakquise bis hin zu Moderationst\u00e4tigkeiten und Podcast-Hosting hat sie<span>\u00a0GreenSign auf vielf\u00e4ltige Weise bereichert!<\/span><\/p>\n<p>Auch wenn Darlene nun als CSR-Beauftragte im Hotel SCHWARZWALD PANORAMA t\u00e4tig ist, wird sie uns und den H\u00f6rern des GreenSign Talks Podcasts weiterhin erhalten bleiben.<\/p>\n<p>Kontaktieren kannst du Darlene unter der Mail <a href=\"mailto:darlene@greensign.de\">darlene@greensign.de<\/a><\/p>\n<\/p>\n<\/div>\n<\/div>\n<div>\n<p>        <img decoding=\"async\" src=\"\/wp-content\/uploads\/Frank_Hoerl.png\" alt=\"Auditor von GreenSign Frank H\u00f6rl\"><\/p>\n<h3>Frank H\u00f6rl<\/h3>\n<p>frankh@greensign.de<\/p>\n<\/div>\n<div>\n<h3>\u00dcber Frank<\/h3>\n<div>\n<p>Frank H\u00f6rl hat vor mehr als 20 Jahren damit begonnen, das Thema Nachhaltigkeit in der Hotellerie zun\u00e4chst f\u00fcr einen internationalen Konzern und sp\u00e4ter f\u00fcr eine Schweizer Hotelgesellschaft als Botschafter umzusetzen.<\/p>\n<p>Im Jahr 2016 wurde er f\u00fcr seine Aktivit\u00e4ten mit dem \u201cSustainable Leader Award\u201d in Dubai ausgezeichnet. &#8220;Als ehemaliger Regionaldirektor und Gesch\u00e4ftsf\u00fchrer unterst\u00fctzt er Unternehmen in der nachhaltigen Guest &amp; Employee\/r Journey.<\/p>\n<p>Seine Leidenschaft f\u00fcr Prozessoptimierung, Digitalisierung, Employer Branding &amp; Benefits, Migration und Bildung lebt er im beruflichen Alltag als auch in seinen zahlreichen Netzwerken und seinen Ehren\u00e4mte.<\/p>\n<p>Frank unterst\u00fctzt GreenSign als Auditor und ist eine verl\u00e4ssliche Hilfe bei unseren Veranstaltungen.<\/p>\n<p>Kontaktieren kannst du Frank unter der Mail <a href=\"mailto:frankh@greensign.de\">frankh@greensign.de<\/a><\/p>\n<\/div>\n<\/div>\n<hr>\n<div>Mehr \u00fcber uns.<\/div>\n<div>\n<p>        <img decoding=\"async\" src=\"\/wp-content\/uploads\/2024\/01\/unser-team.png\" alt=\"GreenSign Team\"><\/p>\n<h3>Unser Team<\/h3>\n<p>Lerne die Menschen hinter GreenSign kennen.<\/p>\n<p><a href=\"https:\/\/www.greensign.de\/en\/institute\/team\/\"><\/a><\/p>\n<\/div>\n<div>\n<p>        <img decoding=\"async\" src=\"\/wp-content\/uploads\/2024\/01\/unsere-zertifizierungen.png\" alt=\"Zertifikats\u00fcbergabe mit GreenSign\"><\/p>\n<h3>Unsere Zertifizierungen<\/h3>\n<p>Kennst du bereits unsere Zertifizierungen?<\/p>\n<p><a href=\"https:\/\/www.greensign.de\/en\/certification\/\"><\/a><\/p>\n<\/div>\n<div>\n<p>        <img decoding=\"async\" src=\"\/wp-content\/uploads\/2024\/01\/wir-unterwegs.png\" alt=\"Armin auf den Future Hospitality Days\"><\/p>\n<h3>Unsere Veranstaltungen<\/h3>\n<p>Hier erf\u00e4hrst du, wo und wann du uns treffen kannst.<\/p>\n<p><a href=\"https:\/\/www.greensign.de\/veranstaltungen\/\"><\/a><\/p>\n<\/div>\n<p><!--more--><br \/>\n<!-- {\"type\":\"layout\",\"children\":[{\"type\":\"section\",\"props\":{\"image_position\":\"center-center\",\"style\":\"default\",\"title_breakpoint\":\"xl\",\"title_position\":\"top-left\",\"title_rotation\":\"left\",\"vertical_align\":\"\",\"width\":\"default\"},\"children\":[{\"type\":\"row\",\"children\":[{\"type\":\"column\",\"props\":{\"image_position\":\"center-center\",\"position_sticky_breakpoint\":\"m\"},\"children\":[{\"type\":\"headline\",\"props\":{\"content\":\"GreenSign Ambassador\",\"text_align\":\"center\",\"title_decoration\":\"line\",\"title_element\":\"h1\",\"title_style\":\"h1\"}},{\"type\":\"headline\",\"props\":{\"content\":\"Nachhaltigkeit im Fokus.\",\"margin\":\"small\",\"text_align\":\"center\",\"title_color\":\"emphasis\",\"title_element\":\"h2\",\"title_style\":\"text-lead\"}}]}]},{\"type\":\"row\",\"children\":[{\"type\":\"column\",\"props\":{\"image_position\":\"center-center\",\"position_sticky_breakpoint\":\"m\"},\"children\":[{\"type\":\"divider\",\"props\":{\"divider_element\":\"hr\",\"divider_style\":\"vertical\"}}]}]},{\"type\":\"row\",\"children\":[{\"type\":\"column\",\"props\":{\"image_position\":\"center-center\",\"position_sticky_breakpoint\":\"m\"},\"children\":[{\"type\":\"text\",\"props\":{\"block_align\":\"center\",\"column_breakpoint\":\"m\",\"content\":\"\n\n<p>Unsere GreenSign Botschafter sind individuelle Pers\\u00f6nlichkeiten, die zwar nicht fest in unserem Team angestellt sind, aber dennoch mit uns verbunden sind. Diese Menschen setzen ihre F\\u00e4higkeiten und ihre Zeit ein, um nebenberuflich als Botschafter f\\u00fcr GreenSign aktiv zu sein. Ihre individuellen Wege und inspirierenden Geschichten sind ein wesentlicher Bestandteil unserer fortlaufenden Reise f\\u00fcr eine umweltbewusste Zukunft.\",\"margin\":\"default\",\"maxwidth\":\"2xlarge\",\"text_align\":\"center\"}}]}]}]},{\"type\":\"section\",\"props\":{\"image_position\":\"center-center\",\"style\":\"default\",\"title_breakpoint\":\"xl\",\"title_position\":\"top-left\",\"title_rotation\":\"left\",\"vertical_align\":\"\",\"width\":\"default\"},\"children\":[{\"type\":\"row\",\"props\":{\"layout\":\"1-2,1-2\",\"width\":\"small\"},\"children\":[{\"type\":\"column\",\"props\":{\"image_position\":\"center-center\",\"position_sticky_breakpoint\":\"m\",\"width_medium\":\"1-2\"},\"children\":[{\"type\":\"hd-flipcard\",\"props\":{\"3d_effect\":true,\"content_back\":\"\n\n<p>Nach mehreren l\\u00e4ngeren Lebensabschnitten in Nordamerika, S\\u00fcdafrika und den Niederlanden, hat Darlenes Weg zum GreenSign Institut in Berlin gef\\u00fchrt, an dessen Wachstum und Entwicklung sie vier Jahre lang ma\\u00dfgeblich beteiligt sein durfte.<\\\/p>\\n\n\n<p>Von Projektleitung und Produktentwicklung \\u00fcber Eventkoordination und Partnerakquise bis hin zu Moderationst\\u00e4tigkeiten und Podcast-Hosting hat sie<span>\\u00a0GreenSign auf vielf\\u00e4ltige Weise bereichert!<\\\/span><\\\/p>\\n\n\n<p>Auch wenn Darlene nun als CSR-Beauftragte im Hotel SCHWARZWALD PANORAMA t\\u00e4tig ist, wird sie uns und den H\\u00f6rern des GreenSign Talks Podcasts weiterhin erhalten bleiben.<\\\/p>\\n\n\n<p>Kontaktieren kannst du Darlene unter der Mail <a href=\\\"mailto:darlene@greensign.de\\\">darlene@greensign.de<\\\/a><\\\/p>\\n\n\n<p><\\\/p>\",\"content_back_column_breakpoint\":\"m\",\"content_column_breakpoint\":\"m\",\"flip_animation\":\"right\",\"flip_mode\":\"hover\",\"flip_mode_touch\":\"tap\",\"icon_back_width\":80,\"icon_width\":80,\"image\":\"wp-content\\\/uploads\\\/Darlene-Schwabroch-2-1.png\",\"image_align\":\"top\",\"image_alt\":\"Darlene Schwabroch Portrait\",\"image_back_align\":\"top\",\"image_back_grid_breakpoint\":\"m\",\"image_back_grid_width\":\"1-2\",\"image_back_svg_color\":\"emphasis\",\"image_grid_breakpoint\":\"m\",\"image_grid_width\":\"1-2\",\"image_height\":\"400\",\"image_svg_color\":\"emphasis\",\"image_width\":\"400\",\"link_back_style\":\"default\",\"link_back_text\":\"Read more\",\"link_style\":\"default\",\"link_text\":\"\",\"margin\":\"default\",\"meta\":\"darlene@greensign.de\",\"meta_align\":\"below-title\",\"meta_back\":\"\",\"meta_back_align\":\"below-title\",\"meta_back_element\":\"div\",\"meta_back_style\":\"text-meta\",\"meta_element\":\"div\",\"meta_style\":\"text-meta\",\"title\":\"Darlene Schwabroch\",\"title_align\":\"top\",\"title_back\":\"\\u00dcber Darlene\",\"title_back_align\":\"top\",\"title_back_element\":\"h3\",\"title_back_grid_breakpoint\":\"m\",\"title_back_grid_width\":\"1-2\",\"title_back_hover_style\":\"reset\",\"title_element\":\"h3\",\"title_grid_breakpoint\":\"m\",\"title_grid_width\":\"1-2\"}}]},{\"type\":\"column\",\"props\":{\"image_position\":\"center-center\",\"position_sticky_breakpoint\":\"m\",\"width_medium\":\"1-2\"},\"children\":[{\"type\":\"hd-flipcard\",\"props\":{\"3d_effect\":true,\"content\":\"\",\"content_back\":\"\n\n<p>Frank H\\u00f6rl hat vor mehr als 20 Jahren damit begonnen, das Thema Nachhaltigkeit in der Hotellerie zun\\u00e4chst f\\u00fcr einen internationalen Konzern und sp\\u00e4ter f\\u00fcr eine Schweizer Hotelgesellschaft als Botschafter umzusetzen.<\\\/p>\\n\n\n<p>Im Jahr 2016 wurde er f\\u00fcr seine Aktivit\\u00e4ten mit dem \\u201cSustainable Leader Award\\u201d in Dubai ausgezeichnet. \\\"Als ehemaliger Regionaldirektor und Gesch\\u00e4ftsf\\u00fchrer unterst\\u00fctzt er Unternehmen in der nachhaltigen Guest &amp; Employee\\\/r Journey.<\\\/p>\\n\n\n<p>Seine Leidenschaft f\\u00fcr Prozessoptimierung, Digitalisierung, Employer Branding &amp; Benefits, Migration und Bildung lebt er im beruflichen Alltag als auch in seinen zahlreichen Netzwerken und seinen Ehren\\u00e4mte.<\\\/p>\\n\n\n<p>Frank unterst\\u00fctzt GreenSign als Auditor und ist eine verl\\u00e4ssliche Hilfe bei unseren Veranstaltungen.<\\\/p>\\n\n\n<p>Kontaktieren kannst du Frank unter der Mail <a href=\\\"mailto:frankh@greensign.de\\\">frankh@greensign.de<\\\/a><\\\/p>\",\"content_back_column_breakpoint\":\"m\",\"content_column_breakpoint\":\"m\",\"flip_animation\":\"right\",\"flip_mode\":\"hover\",\"flip_mode_touch\":\"tap\",\"icon_back_width\":80,\"icon_width\":80,\"image\":\"wp-content\\\/uploads\\\/Frank_Hoerl.png\",\"image_align\":\"top\",\"image_alt\":\"Auditor von GreenSign Frank H\\u00f6rl\",\"image_back_align\":\"top\",\"image_back_grid_breakpoint\":\"m\",\"image_back_grid_width\":\"1-2\",\"image_back_svg_color\":\"emphasis\",\"image_grid_breakpoint\":\"m\",\"image_grid_width\":\"1-2\",\"image_height\":\"400\",\"image_svg_color\":\"emphasis\",\"image_width\":\"400\",\"link_back_style\":\"default\",\"link_back_text\":\"Read more\",\"link_style\":\"default\",\"link_text\":\"\",\"margin\":\"default\",\"meta\":\"frankh@greensign.de\",\"meta_align\":\"below-title\",\"meta_back_align\":\"below-title\",\"meta_back_element\":\"div\",\"meta_back_style\":\"text-meta\",\"meta_element\":\"div\",\"meta_style\":\"text-meta\",\"title\":\"Frank H\\u00f6rl\",\"title_align\":\"top\",\"title_back\":\"\\u00dcber Frank\",\"title_back_align\":\"top\",\"title_back_element\":\"h3\",\"title_back_grid_breakpoint\":\"m\",\"title_back_grid_width\":\"1-2\",\"title_back_hover_style\":\"reset\",\"title_element\":\"h3\",\"title_grid_breakpoint\":\"m\",\"title_grid_width\":\"1-2\"}}]}]},{\"type\":\"row\",\"children\":[{\"type\":\"column\",\"props\":{\"image_position\":\"center-center\",\"position_sticky_breakpoint\":\"m\"},\"children\":[{\"type\":\"divider\",\"props\":{\"divider_element\":\"hr\",\"divider_style\":\"vertical\"}}]}]}]},{\"type\":\"section\",\"props\":{\"image_position\":\"center-center\",\"style\":\"default\",\"title_breakpoint\":\"xl\",\"title_position\":\"top-left\",\"title_rotation\":\"left\",\"vertical_align\":\"\",\"width\":\"default\"},\"children\":[{\"type\":\"row\",\"children\":[{\"type\":\"column\",\"props\":{\"image_position\":\"center-center\",\"position_sticky_breakpoint\":\"m\"},\"children\":[{\"type\":\"headline\",\"props\":{\"content\":\"Mehr \\u00fcber uns.\",\"text_align\":\"center\",\"title_decoration\":\"line\",\"title_element\":\"div\",\"title_style\":\"h1\"}}]}]},{\"type\":\"row\",\"props\":{\"layout\":\"1-3,1-3,1-3\",\"width\":\"small\"},\"children\":[{\"type\":\"column\",\"props\":{\"image_position\":\"center-center\",\"position_sticky_breakpoint\":\"m\",\"width_medium\":\"1-3\"},\"children\":[{\"type\":\"panel\",\"props\":{\"content\":\"\",\"content_column_breakpoint\":\"m\",\"icon_width\":80,\"image\":\"wp-content\\\/uploads\\\/2024\\\/01\\\/unser-team.png\",\"image_align\":\"top\",\"image_alt\":\"GreenSign Team\",\"image_grid_breakpoint\":\"m\",\"image_grid_width\":\"1-2\",\"image_svg_color\":\"emphasis\",\"link\":\"https:\\\/\\\/www.greensign.de\\\/institut\\\/team\\\/\",\"link_style\":\"default\",\"link_text\":\"\",\"margin\":\"default\",\"meta\":\"Lerne die Menschen hinter GreenSign kennen.\",\"meta_align\":\"below-title\",\"meta_element\":\"div\",\"meta_style\":\"text-meta\",\"title\":\"Unser Team\",\"title_align\":\"top\",\"title_element\":\"h3\",\"title_grid_breakpoint\":\"m\",\"title_grid_width\":\"1-2\",\"title_hover_style\":\"reset\"}}]},{\"type\":\"column\",\"props\":{\"image_position\":\"center-center\",\"position_sticky_breakpoint\":\"m\",\"width_medium\":\"1-3\"},\"children\":[{\"type\":\"panel\",\"props\":{\"content\":\"\",\"content_column_breakpoint\":\"m\",\"icon_width\":80,\"image\":\"wp-content\\\/uploads\\\/2024\\\/01\\\/unsere-zertifizierungen.png\",\"image_align\":\"top\",\"image_alt\":\"Zertifikats\\u00fcbergabe mit GreenSign\",\"image_grid_breakpoint\":\"m\",\"image_grid_width\":\"1-2\",\"image_svg_color\":\"emphasis\",\"link\":\"https:\\\/\\\/www.greensign.de\\\/zertifizierung\\\/\",\"link_style\":\"default\",\"link_text\":\"\",\"margin\":\"default\",\"meta\":\"Kennst du bereits unsere Zertifizierungen?\",\"meta_align\":\"below-title\",\"meta_element\":\"div\",\"meta_style\":\"text-meta\",\"panel_link\":true,\"title\":\"Unsere Zertifizierungen\",\"title_align\":\"top\",\"title_element\":\"h3\",\"title_grid_breakpoint\":\"m\",\"title_grid_width\":\"1-2\",\"title_hover_style\":\"reset\"}}]},{\"type\":\"column\",\"props\":{\"image_position\":\"center-center\",\"position_sticky_breakpoint\":\"m\",\"width_medium\":\"1-3\"},\"children\":[{\"type\":\"panel\",\"props\":{\"content\":\"\",\"content_column_breakpoint\":\"m\",\"icon_width\":80,\"image\":\"wp-content\\\/uploads\\\/2024\\\/01\\\/wir-unterwegs.png\",\"image_align\":\"top\",\"image_alt\":\"Armin auf den Future Hospitality Days\",\"image_grid_breakpoint\":\"m\",\"image_grid_width\":\"1-2\",\"image_svg_color\":\"emphasis\",\"link\":\"https:\\\/\\\/www.greensign.de\\\/veranstaltungen\\\/\",\"link_style\":\"default\",\"link_text\":\"\",\"margin\":\"default\",\"meta\":\"Hier erf\\u00e4hrst du, wo und wann du uns treffen kannst.\",\"meta_align\":\"below-title\",\"meta_element\":\"div\",\"meta_style\":\"text-meta\",\"panel_link\":true,\"title\":\"Unsere Veranstaltungen\",\"title_align\":\"top\",\"title_element\":\"h3\",\"title_grid_breakpoint\":\"m\",\"title_grid_width\":\"1-2\",\"title_hover_style\":\"reset\",\"title_link\":false}}]}]}]}],\"version\":\"4.5.12\",\"yooessentialsVersion\":\"2.3.9\"} --><\/p>\n","protected":false},"excerpt":{"rendered":"<p>GreenSign Ambassador Nachhaltigkeit im Fokus. Unsere GreenSign Botschafter sind individuelle Pers\u00f6nlichkeiten, die zwar nicht fest in unserem Team angestellt sind, aber dennoch mit uns verbunden sind. Diese Menschen setzen ihre F\u00e4higkeiten und ihre Zeit ein, um nebenberuflich als Botschafter f\u00fcr GreenSign aktiv zu sein. Ihre individuellen Wege und inspirierenden Geschichten sind ein wesentlicher Bestandteil unserer [&hellip;]<\/p>\n","protected":false},"author":4,"featured_media":0,"parent":0,"menu_order":0,"comment_status":"closed","ping_status":"closed","template":"","meta":{"inline_featured_image":false,"footnotes":""},"class_list":["post-30576","page","type-page","status-publish","hentry"],"_links":{"self":[{"href":"https:\/\/www.greensign.de\/en\/wp-json\/wp\/v2\/pages\/30576","targetHints":{"allow":["GET"]}}],"collection":[{"href":"https:\/\/www.greensign.de\/en\/wp-json\/wp\/v2\/pages"}],"about":[{"href":"https:\/\/www.greensign.de\/en\/wp-json\/wp\/v2\/types\/page"}],"author":[{"embeddable":true,"href":"https:\/\/www.greensign.de\/en\/wp-json\/wp\/v2\/users\/4"}],"replies":[{"embeddable":true,"href":"https:\/\/www.greensign.de\/en\/wp-json\/wp\/v2\/comments?post=30576"}],"version-history":[{"count":1,"href":"https:\/\/www.greensign.de\/en\/wp-json\/wp\/v2\/pages\/30576\/revisions"}],"predecessor-version":[{"id":30577,"href":"https:\/\/www.greensign.de\/en\/wp-json\/wp\/v2\/pages\/30576\/revisions\/30577"}],"wp:attachment":[{"href":"https:\/\/www.greensign.de\/en\/wp-json\/wp\/v2\/media?parent=30576"}],"curies":[{"name":"wp","href":"https:\/\/api.w.org\/{rel}","templated":true}]}}