{"id":14296,"date":"2022-07-04T10:40:41","date_gmt":"2022-07-04T08:40:41","guid":{"rendered":"https:\/\/www.greensign.de\/institute\/was-ist-nachhaltigkeit\/"},"modified":"2022-10-27T09:50:32","modified_gmt":"2022-10-27T07:50:32","slug":"what-is-sustainability","status":"publish","type":"page","link":"https:\/\/www.greensign.de\/en\/institute\/what-is-sustainability\/","title":{"rendered":"What is sustainability?"},"content":{"rendered":"<h1>What is sustainability?<\/h1>\n<div>\n<p>The term of<\/p>\n<\/div>\n<h2>Sustainability<\/h2>\n<div>\n<p>is on everyone&#8217;s lips and yet everyone seems to have a different idea of what it means. Therefore we would like to briefly explain the term and what is behind it. First of all, it should be said that sustainability is an incredibly complex process and covers many topics. A single word can look like a whole mountain in front of you. Don&#8217;t let that scare you away! Our task is to accompany you on your way to more sustainability in your company. All you need is some time and curiosity.<\/p>\n<\/div>\n<hr>\n<h2>A mountain of work.<\/h2>\n<div>But doable.<\/div>\n<div>\n<p>The resources of this world are limited, but nevertheless they will soon be used up if we do not change the way we deal with them. Sustainability therefore means using the resources available to us in such a way that they can regenerate and that we do not harm nature and ourselves in the process, but in the best case even benefit from them. However, sustainability is not exclusively concerned with the environment. This is only one of three aspects known as the pillars of sustainability. For a sustainable company, social and economic aspects are equally important and must be balanced. This is how a company can exist successfully for a long time and bring the greatest benefit to people and nature.<\/p>\n<\/div>\n<p>\n    <a href=\"https:\/\/www.greensign.de\/en\/certification\/\">GreenSign certification<\/a>\n<\/p>\n<div>\n<p>The <strong>economic aspect<\/strong> is primarily aimed at ensuring that economic activity is not only constructed for the short term, but must exhibit permanence and stability. Not quick profits are in the foreground, but the creation of a solid basis, which also secures future earnings, which arise from the use of existing resources.<\/p>\n<\/div>\n<p><img decoding=\"async\" src=\"\/wp-content\/uploads\/pexels-rodolfo-quiros-2219024-scaled-e1656319447277.jpg\" alt=\"Menschen bauen per Hand eine Stra\u00dfe\"><br \/>\n<img decoding=\"async\" src=\"\/wp-content\/uploads\/pflanze-scaled-e1656080021661.jpg\" alt=\"Kleine Pflanzen\"><\/p>\n<div>\n<p>The <strong>ecological aspect<\/strong> focuses on a far-sighted and considerate use of natural resources. In order to secure the ecological conditions of human survival for present and future generations, the limited natural resources available are to be used appropriately in the sense of an ecologically sustainable way of living and working.<\/p>\n<\/div>\n<div>\n<p>The <strong>social dimension<\/strong> is concerned with ensuring a decent life, fair distribution and equal opportunities. In business, it includes working conditions and health promotion for employees, but also aspects of human rights along the entire value chain.<\/p>\n<\/div>\n<p><img decoding=\"async\" src=\"\/wp-content\/uploads\/haende-halten-scaled-e1656080460628.jpg\" alt=\"H\u00e4ndchen halten\"><\/p>\n<div>\n<p>Der <strong>\u00f6konomische Aspekt<\/strong> zielt in erster Linie darauf ab, dass wirtschaftliches Handeln nicht nur kurzfristig konstruiert werden soll, sondern Best\u00e4ndigkeit und Stabilit\u00e4t aufweisen muss. Nicht schnelle Gewinne stehen im Vordergrund, sondern die Schaffung einer soliden Basis, die auch zuk\u00fcnftige Ertr\u00e4ge sichert, welche aus der Nutzung vorhandener Ressourcen erwachsen.<\/p>\n<\/div>\n<p><img decoding=\"async\" src=\"\/wp-content\/uploads\/pexels-rodolfo-quiros-2219024-scaled-e1656319447277.jpg\" alt=\"Menschen bauen per Hand eine Stra\u00dfe\"><br \/>\n<img decoding=\"async\" src=\"\/wp-content\/uploads\/pflanze-scaled-e1656080021661.jpg\" alt=\"\"><\/p>\n<div>\n<p>Der <strong>\u00f6kologische Aspekt<\/strong> setzt auf einen weitsichtigen und r\u00fccksichtsvollen Umgang mit nat\u00fcrlichen Ressourcen. Um f\u00fcr jetzige und zuk\u00fcnftige Generationen die \u00f6kologischen Bedingungen des menschlichen \u00dcberlebens zu sichern, soll im Sinne einer \u00f6kologisch nachhaltigen Lebens- und Arbeitsweise mit den begrenzt vorhandenen nat\u00fcrlichen Ressourcen entsprechend gehaushaltet werden.<\/p>\n<\/div>\n<div>\n<p>Die<strong> soziale Dimension<\/strong> befasst sich mit der Sicherstellung eines menschenw\u00fcrdigen Lebens, eine gerechte Verteilung und mit der Chancengleichheit. In der Wirtschaft umfasst sie die Arbeitsbedingungen und Gesundheitsf\u00f6rderung der Mitarbeiter, aber auch die Aspekte der Menschenrechte entlang der gesamten Wertsch\u00f6pfungskette.<\/p>\n<\/div>\n<p><img decoding=\"async\" src=\"\/wp-content\/uploads\/haende-halten-scaled-e1656080460628.jpg\" alt=\"\"><br \/>\n<video src=\"\/wp-content\/uploads\/kinder-natur-full-hd.mp4\" poster=\"\"><\/video><\/p>\n<h2>Why is sustainability important?<\/h2>\n<div>\n<p>Sustainability should enable lasting economic prosperity, ensure social balance and preserve the natural foundations of life for future generations. Sustainable development means that the needs of today&#8217;s generation are met without risking those of future generations. Their aim is to bring the environment, society and economy into balance.<\/p>\n<\/div>\n<h2>What does the carbon footprint<br \/>have to do with it?<\/h2>\n<p>\n    <a href=\"\/en\/certification\/carbon-footprint\/\">Carbon Footprint<\/a>\n<\/p>\n<div>\n<p>Every person, and therefore every company, leaves a carbon footprint. This is an extremely complex sustainability indicator that shows how much land a person needs to cover their demand for resources. In the calculation, our actual consumption of resources and land is set in relation to the biocapacity of the earth. Production, energy generation, livestock, the manufacture of consumer goods, and transportation and travel all consume resources. Creating a carbon footprint provides an opportunity to identify potential savings and act accordingly. For climate neutrality, unavoidable emissions can be offset via climate protection projects.<\/p>\n<\/div>\n<p><!--more--><br \/>\n<!-- {\"name\":\"Was ist Nachhaltigkeit\",\"type\":\"layout\",\"children\":[{\"type\":\"section\",\"props\":{\"style\":\"default\",\"width\":\"default\",\"vertical_align\":\"middle\",\"title_position\":\"top-left\",\"title_rotation\":\"left\",\"title_breakpoint\":\"xl\",\"image_position\":\"center-center\",\"animation_delay\":\"200\",\"image\":\"wp-content\\\/uploads\\\/mensch-auf-steg-am-see-vor-bergen-scaled.jpg\",\"image_size\":\"cover\",\"height\":\"full\",\"text_color\":\"light\",\"header_transparent\":\"light\",\"header_transparent_noplaceholder\":true,\"media_overlay\":\"rgba(0, 0, 0, 0.25)\"},\"children\":[{\"type\":\"row\",\"children\":[{\"type\":\"column\",\"props\":{\"position_sticky_breakpoint\":\"m\",\"image_position\":\"center-center\",\"media_overlay_gradient\":\"\"},\"children\":[{\"type\":\"headline\",\"props\":{\"title_element\":\"h1\",\"content\":\"What is sustainability?\",\"title_style\":\"heading-small\",\"text_align\":\"center\"}}]}]}],\"name\":\"Header\"},{\"type\":\"section\",\"props\":{\"style\":\"default\",\"width\":\"default\",\"vertical_align\":\"middle\",\"title_position\":\"top-left\",\"title_rotation\":\"left\",\"title_breakpoint\":\"xl\",\"image_position\":\"center-center\"},\"children\":[{\"type\":\"row\",\"children\":[{\"type\":\"column\",\"props\":{\"position_sticky_breakpoint\":\"m\",\"image_position\":\"center-center\",\"media_overlay_gradient\":\"\"},\"children\":[{\"type\":\"text\",\"props\":{\"margin\":\"default\",\"column_breakpoint\":\"m\",\"content\":\"\n\n<p>The term of<\\\/p>\",\"text_align\":\"center\",\"maxwidth\":\"xlarge\",\"block_align\":\"center\"}},{\"type\":\"headline\",\"props\":{\"title_element\":\"h2\",\"content\":\"Sustainability\",\"text_align\":\"center\",\"margin_remove_top\":true,\"title_style\":\"heading-small\"}},{\"type\":\"text\",\"props\":{\"margin\":\"default\",\"column_breakpoint\":\"m\",\"content\":\"\n\n<p>is on everyone's lips and yet everyone seems to have a different idea of what it means. Therefore we would like to briefly explain the term and what is behind it. First of all, it should be said that sustainability is an incredibly complex process and covers many topics. A single word can look like a whole mountain in front of you. Don't let that scare you away! Our task is to accompany you on your way to more sustainability in your company. All you need is some time and curiosity.<\\\/p>\",\"text_align\":\"center\",\"maxwidth\":\"xlarge\",\"block_align\":\"center\"}},{\"type\":\"divider\",\"props\":{\"divider_element\":\"hr\",\"divider_style\":\"vertical\"}}]}]}],\"name\":\"Einleitung\"},{\"type\":\"section\",\"props\":{\"style\":\"default\",\"width\":\"default\",\"vertical_align\":\"middle\",\"title_position\":\"top-left\",\"title_rotation\":\"left\",\"title_breakpoint\":\"xl\",\"image_position\":\"center-center\",\"padding_remove_top\":false},\"children\":[{\"type\":\"row\",\"props\":{\"margin_remove_bottom\":true,\"width\":\"small\"},\"children\":[{\"type\":\"column\",\"props\":{\"position_sticky_breakpoint\":\"m\",\"image_position\":\"center-center\",\"media_overlay_gradient\":\"\",\"width_medium\":\"\",\"vertical_align\":\"middle\"},\"children\":[{\"type\":\"headline\",\"props\":{\"title_element\":\"h2\",\"content\":\"A mountain of work.\",\"text_align\":\"center\",\"margin_remove_top\":true,\"title_style\":\"heading-small\"}},{\"type\":\"headline\",\"props\":{\"title_element\":\"div\",\"content\":\"But doable.\",\"title_style\":\"text-lead\",\"title_color\":\"emphasis\",\"text_align\":\"center\",\"margin_remove_top\":true}},{\"type\":\"text\",\"props\":{\"margin\":\"default\",\"column_breakpoint\":\"m\",\"content\":\"\n\n<p>The resources of this world are limited, but nevertheless they will soon be used up if we do not change the way we deal with them. Sustainability therefore means using the resources available to us in such a way that they can regenerate and that we do not harm nature and ourselves in the process, but in the best case even benefit from them. However, sustainability is not exclusively concerned with the environment. This is only one of three aspects known as the pillars of sustainability. For a sustainable company, social and economic aspects are equally important and must be balanced. This is how a company can exist successfully for a long time and bring the greatest benefit to people and nature.<\\\/p>\",\"text_align\":\"center\",\"maxwidth\":\"2xlarge\",\"block_align\":\"center\"}},{\"type\":\"button\",\"props\":{\"grid_column_gap\":\"small\",\"grid_row_gap\":\"small\",\"margin\":\"default\",\"text_align\":\"center\",\"id\":\"dreisaeulen\"},\"children\":[{\"type\":\"button_item\",\"props\":{\"button_style\":\"default\",\"icon_align\":\"left\",\"content\":\"GreenSign certification\",\"link\":\"https:\\\/\\\/www.greensign.de\\\/en\\\/certification\\\/\"}}]}]}]}],\"name\":\"Ein Berg voll Arbeit\"},{\"type\":\"section\",\"props\":{\"style\":\"muted\",\"width\":\"default\",\"vertical_align\":\"middle\",\"title_position\":\"center-right\",\"title_rotation\":\"left\",\"title_breakpoint\":\"xl\",\"image_position\":\"center-center\",\"title\":\"Drei S\\u00e4ulen der Nachhaltigkeit\"},\"children\":[{\"type\":\"row\",\"props\":{\"layout\":\"1-3,1-3,1-3\",\"margin\":\"default\",\"width\":\"small\"},\"children\":[{\"type\":\"column\",\"props\":{\"position_sticky_breakpoint\":\"m\",\"image_position\":\"center-center\",\"media_overlay_gradient\":\"\",\"width_medium\":\"1-3\",\"width_default\":\"1-3\",\"width_small\":\"1-3\",\"width_large\":\"1-3\",\"width_xlarge\":\"1-3\",\"vertical_align\":\"bottom\"},\"children\":[{\"type\":\"text\",\"props\":{\"margin\":\"default\",\"column_breakpoint\":\"m\",\"content\":\"\n\n<p>The <strong>economic aspect<\\\/strong> is primarily aimed at ensuring that economic activity is not only constructed for the short term, but must exhibit permanence and stability. Not quick profits are in the foreground, but the creation of a solid basis, which also secures future earnings, which arise from the use of existing resources.<\\\/p>\",\"visibility\":\"l\"}},{\"type\":\"image\",\"props\":{\"margin\":\"default\",\"image_svg_color\":\"emphasis\",\"image\":\"wp-content\\\/uploads\\\/pexels-rodolfo-quiros-2219024-scaled-e1656319447277.jpg\",\"text_align\":\"left\",\"image_alt\":\"Menschen bauen per Hand eine Stra\\u00dfe\",\"visibility\":\"l\"}}]},{\"type\":\"column\",\"props\":{\"position_sticky_breakpoint\":\"m\",\"image_position\":\"center-center\",\"media_overlay_gradient\":\"\",\"width_medium\":\"1-3\"},\"children\":[{\"type\":\"image\",\"props\":{\"margin\":\"default\",\"image_svg_color\":\"emphasis\",\"image\":\"wp-content\\\/uploads\\\/pflanze-scaled-e1656080021661.jpg\",\"text_align\":\"left\",\"visibility\":\"l\",\"image_alt\":\"Kleine Pflanzen\"}},{\"type\":\"text\",\"props\":{\"margin\":\"default\",\"column_breakpoint\":\"m\",\"content\":\"\n\n<p>The <strong>ecological aspect<\\\/strong> focuses on a far-sighted and considerate use of natural resources. In order to secure the ecological conditions of human survival for present and future generations, the limited natural resources available are to be used appropriately in the sense of an ecologically sustainable way of living and working.<\\\/p>\",\"visibility\":\"l\"}}]},{\"type\":\"column\",\"props\":{\"position_sticky_breakpoint\":\"m\",\"image_position\":\"center-center\",\"media_overlay_gradient\":\"\",\"width_medium\":\"1-3\",\"vertical_align\":\"bottom\"},\"children\":[{\"type\":\"text\",\"props\":{\"margin\":\"default\",\"column_breakpoint\":\"m\",\"content\":\"\n\n<p>The <strong>social dimension<\\\/strong> is concerned with ensuring a decent life, fair distribution and equal opportunities. In business, it includes working conditions and health promotion for employees, but also aspects of human rights along the entire value chain.<\\\/p>\",\"visibility\":\"l\"}},{\"type\":\"image\",\"props\":{\"margin\":\"default\",\"image_svg_color\":\"emphasis\",\"image\":\"wp-content\\\/uploads\\\/haende-halten-scaled-e1656080460628.jpg\",\"text_align\":\"left\",\"visibility\":\"l\",\"image_alt\":\"H\\u00e4ndchen halten\"}}]}]}],\"name\":\"3 S\\u00e4ulen\"},{\"type\":\"section\",\"props\":{\"style\":\"muted\",\"width\":\"default\",\"vertical_align\":\"middle\",\"title_position\":\"top-left\",\"title_rotation\":\"left\",\"title_breakpoint\":\"xl\",\"image_position\":\"center-center\"},\"children\":[{\"type\":\"row\",\"props\":{\"layout\":\"1-2,1-2\",\"margin\":\"default\",\"width\":\"small\"},\"children\":[{\"type\":\"column\",\"props\":{\"position_sticky_breakpoint\":\"m\",\"image_position\":\"center-center\",\"media_overlay_gradient\":\"\",\"width_medium\":\"1-2\",\"vertical_align\":\"middle\",\"width_small\":\"1-2\"},\"children\":[{\"type\":\"text\",\"props\":{\"margin\":\"default\",\"column_breakpoint\":\"m\",\"content\":\"\n\n<p>Der <strong>\\u00f6konomische Aspekt<\\\/strong> zielt in erster Linie darauf ab, dass wirtschaftliches Handeln nicht nur kurzfristig konstruiert werden soll, sondern Best\\u00e4ndigkeit und Stabilit\\u00e4t aufweisen muss. Nicht schnelle Gewinne stehen im Vordergrund, sondern die Schaffung einer soliden Basis, die auch zuk\\u00fcnftige Ertr\\u00e4ge sichert, welche aus der Nutzung vorhandener Ressourcen erwachsen.<\\\/p>\",\"text_align\":\"justify\",\"visibility\":\"hidden-l\"}}]},{\"type\":\"column\",\"props\":{\"position_sticky_breakpoint\":\"m\",\"image_position\":\"center-center\",\"media_overlay_gradient\":\"\",\"width_medium\":\"1-2\",\"width_small\":\"1-2\"},\"children\":[{\"type\":\"image\",\"props\":{\"margin\":\"default\",\"image_svg_color\":\"emphasis\",\"image\":\"wp-content\\\/uploads\\\/pexels-rodolfo-quiros-2219024-scaled-e1656319447277.jpg\",\"text_align\":\"left\",\"image_alt\":\"Menschen bauen per Hand eine Stra\\u00dfe\",\"visibility\":\"hidden-l\"}}]}]},{\"type\":\"row\",\"props\":{\"layout\":\"1-2,1-2\",\"margin\":\"default\",\"width\":\"small\"},\"children\":[{\"type\":\"column\",\"props\":{\"position_sticky_breakpoint\":\"m\",\"image_position\":\"center-center\",\"media_overlay_gradient\":\"\",\"width_medium\":\"1-2\",\"vertical_align\":\"bottom\",\"width_small\":\"1-2\"},\"children\":[{\"type\":\"image\",\"props\":{\"margin\":\"default\",\"image_svg_color\":\"emphasis\",\"image\":\"wp-content\\\/uploads\\\/pflanze-scaled-e1656080021661.jpg\",\"text_align\":\"left\",\"visibility\":\"hidden-l\"}}]},{\"type\":\"column\",\"props\":{\"position_sticky_breakpoint\":\"m\",\"image_position\":\"center-center\",\"media_overlay_gradient\":\"\",\"width_medium\":\"1-2\",\"width_small\":\"1-2\",\"vertical_align\":\"middle\"},\"children\":[{\"type\":\"text\",\"props\":{\"margin\":\"default\",\"column_breakpoint\":\"m\",\"content\":\"\n\n<p>Der <strong>\\u00f6kologische Aspekt<\\\/strong> setzt auf einen weitsichtigen und r\\u00fccksichtsvollen Umgang mit nat\\u00fcrlichen Ressourcen. Um f\\u00fcr jetzige und zuk\\u00fcnftige Generationen die \\u00f6kologischen Bedingungen des menschlichen \\u00dcberlebens zu sichern, soll im Sinne einer \\u00f6kologisch nachhaltigen Lebens- und Arbeitsweise mit den begrenzt vorhandenen nat\\u00fcrlichen Ressourcen entsprechend gehaushaltet werden.<\\\/p>\",\"text_align\":\"justify\",\"visibility\":\"hidden-l\"}}]}]},{\"type\":\"row\",\"props\":{\"layout\":\"1-2,1-2\",\"margin\":\"default\",\"width\":\"small\"},\"children\":[{\"type\":\"column\",\"props\":{\"position_sticky_breakpoint\":\"m\",\"image_position\":\"center-center\",\"media_overlay_gradient\":\"\",\"width_medium\":\"1-2\",\"vertical_align\":\"middle\",\"width_small\":\"1-2\"},\"children\":[{\"type\":\"text\",\"props\":{\"margin\":\"default\",\"column_breakpoint\":\"m\",\"content\":\"\n\n<p>Die<strong> soziale Dimension<\\\/strong> befasst sich mit der Sicherstellung eines menschenw\\u00fcrdigen Lebens, eine gerechte Verteilung und mit der Chancengleichheit. In der Wirtschaft umfasst sie die Arbeitsbedingungen und Gesundheitsf\\u00f6rderung der Mitarbeiter, aber auch die Aspekte der Menschenrechte entlang der gesamten Wertsch\\u00f6pfungskette.<\\\/p>\",\"text_align\":\"justify\",\"visibility\":\"hidden-l\"}}]},{\"type\":\"column\",\"props\":{\"position_sticky_breakpoint\":\"m\",\"image_position\":\"center-center\",\"media_overlay_gradient\":\"\",\"width_medium\":\"1-2\",\"width_small\":\"1-2\"},\"children\":[{\"type\":\"image\",\"props\":{\"margin\":\"default\",\"image_svg_color\":\"emphasis\",\"image\":\"wp-content\\\/uploads\\\/haende-halten-scaled-e1656080460628.jpg\",\"text_align\":\"left\",\"visibility\":\"hidden-l\"}}]}]}],\"name\":\"3 S\\u00e4ulen Sichtbar f\\u00fcr Tablet\"},{\"type\":\"section\",\"props\":{\"style\":\"default\",\"width\":\"default\",\"vertical_align\":\"middle\",\"title_position\":\"top-left\",\"title_rotation\":\"left\",\"title_breakpoint\":\"xl\",\"image_position\":\"center-center\"},\"children\":[{\"type\":\"row\",\"props\":{\"layout\":\"2-3,1-3\",\"margin_remove_bottom\":true,\"width\":\"large\"},\"children\":[{\"type\":\"column\",\"props\":{\"position_sticky_breakpoint\":\"m\",\"image_position\":\"center-center\",\"media_overlay_gradient\":\"\",\"width_medium\":\"2-3\",\"vertical_align\":\"middle\"},\"children\":[{\"type\":\"video\",\"props\":{\"video_controls\":false,\"margin\":\"default\",\"video\":\"wp-content\\\/uploads\\\/kinder-natur-full-hd.mp4\",\"video_loop\":true,\"video_muted\":true,\"video_autoplay\":true}}]},{\"type\":\"column\",\"props\":{\"position_sticky_breakpoint\":\"m\",\"image_position\":\"center-center\",\"media_overlay_gradient\":\"\",\"width_medium\":\"1-3\",\"vertical_align\":\"middle\"},\"children\":[{\"type\":\"headline\",\"props\":{\"title_element\":\"h2\",\"content\":\"Why is sustainability important?\",\"text_align\":\"center\",\"margin_remove_top\":true,\"title_style\":\"heading-small\"}},{\"type\":\"text\",\"props\":{\"margin\":\"default\",\"column_breakpoint\":\"m\",\"content\":\"\n\n<p>Sustainability should enable lasting economic prosperity, ensure social balance and preserve the natural foundations of life for future generations. Sustainable development means that the needs of today's generation are met without risking those of future generations. Their aim is to bring the environment, society and economy into balance.<\\\/p>\",\"maxwidth\":\"2xlarge\",\"block_align\":\"center\"}}]}]}],\"name\":\"Warum?\"},{\"type\":\"section\",\"props\":{\"style\":\"default\",\"width\":\"default\",\"vertical_align\":\"middle\",\"title_position\":\"top-left\",\"title_rotation\":\"left\",\"title_breakpoint\":\"xl\",\"image_position\":\"center-center\",\"padding_remove_top\":false},\"children\":[{\"type\":\"row\",\"props\":{\"layout\":\"1-3,2-3\",\"margin_remove_bottom\":true,\"width\":\"small\"},\"children\":[{\"type\":\"column\",\"props\":{\"position_sticky_breakpoint\":\"m\",\"image_position\":\"center-center\",\"media_overlay_gradient\":\"\",\"width_medium\":\"1-3\",\"vertical_align\":\"middle\"},\"children\":[{\"type\":\"headline\",\"props\":{\"title_element\":\"h2\",\"content\":\"What does the carbon footprint<br \\\/>have to do with it?\",\"text_align\":\"center\",\"margin_remove_top\":true,\"title_style\":\"heading-small\"}},{\"type\":\"button\",\"props\":{\"grid_column_gap\":\"small\",\"grid_row_gap\":\"small\",\"margin\":\"default\",\"text_align\":\"center\"},\"children\":[{\"type\":\"button_item\",\"props\":{\"button_style\":\"default\",\"icon_align\":\"left\",\"content\":\"Carbon Footprint\",\"link\":\"en\\\/certification\\\/carbon-footprint\\\/\"}}]}]},{\"type\":\"column\",\"props\":{\"position_sticky_breakpoint\":\"m\",\"image_position\":\"center-center\",\"media_overlay_gradient\":\"\",\"width_medium\":\"2-3\"},\"children\":[{\"type\":\"text\",\"props\":{\"margin\":\"default\",\"column_breakpoint\":\"m\",\"content\":\"\n\n<p>Every person, and therefore every company, leaves a carbon footprint. This is an extremely complex sustainability indicator that shows how much land a person needs to cover their demand for resources. In the calculation, our actual consumption of resources and land is set in relation to the biocapacity of the earth. Production, energy generation, livestock, the manufacture of consumer goods, and transportation and travel all consume resources. Creating a carbon footprint provides an opportunity to identify potential savings and act accordingly. For climate neutrality, unavoidable emissions can be offset via climate protection projects.<\\\/p>\",\"maxwidth\":\"2xlarge\",\"block_align\":\"center\"}}]}]}],\"name\":\"CO2\"}],\"version\":\"3.0.8\",\"yooessentialsVersion\":\"1.8.7\"} --><\/p>\n","protected":false},"excerpt":{"rendered":"<p>What is sustainability? The term of Sustainability is on everyone&#8217;s lips and yet everyone seems to have a different idea of what it means. Therefore we would like to briefly explain the term and what is behind it. First of all, it should be said that sustainability is an incredibly complex process and covers many [&hellip;]<\/p>\n","protected":false},"author":5,"featured_media":0,"parent":14262,"menu_order":0,"comment_status":"closed","ping_status":"closed","template":"","meta":{"inline_featured_image":false,"footnotes":""},"class_list":["post-14296","page","type-page","status-publish","hentry"],"_links":{"self":[{"href":"https:\/\/www.greensign.de\/en\/wp-json\/wp\/v2\/pages\/14296","targetHints":{"allow":["GET"]}}],"collection":[{"href":"https:\/\/www.greensign.de\/en\/wp-json\/wp\/v2\/pages"}],"about":[{"href":"https:\/\/www.greensign.de\/en\/wp-json\/wp\/v2\/types\/page"}],"author":[{"embeddable":true,"href":"https:\/\/www.greensign.de\/en\/wp-json\/wp\/v2\/users\/5"}],"replies":[{"embeddable":true,"href":"https:\/\/www.greensign.de\/en\/wp-json\/wp\/v2\/comments?post=14296"}],"version-history":[{"count":8,"href":"https:\/\/www.greensign.de\/en\/wp-json\/wp\/v2\/pages\/14296\/revisions"}],"predecessor-version":[{"id":14733,"href":"https:\/\/www.greensign.de\/en\/wp-json\/wp\/v2\/pages\/14296\/revisions\/14733"}],"up":[{"embeddable":true,"href":"https:\/\/www.greensign.de\/en\/wp-json\/wp\/v2\/pages\/14262"}],"wp:attachment":[{"href":"https:\/\/www.greensign.de\/en\/wp-json\/wp\/v2\/media?parent=14296"}],"curies":[{"name":"wp","href":"https:\/\/api.w.org\/{rel}","templated":true}]}}